{"id":199,"date":"2021-08-23T14:17:29","date_gmt":"2021-08-23T12:17:29","guid":{"rendered":"http:\/\/put-firmus.pl\/home\/"},"modified":"2026-01-23T11:26:10","modified_gmt":"2026-01-23T10:26:10","slug":"home","status":"publish","type":"page","link":"https:\/\/put-firmus.pl\/pl\/","title":{"rendered":"Home"},"content":{"rendered":"<p>To jest przyk\u0142adowa strona. Strony s\u0105 inne ni\u017c wpisy na blogu, poniewa\u017c nie tylko znajduj\u0105 si\u0119 zawsze w&nbsp;jednym miejscu, ale tak\u017ce pojawiaj\u0105 si\u0119 w&nbsp;menu witryny (w wi\u0119kszo\u015bci motyw\u00f3w). Wi\u0119kszo\u015b\u0107 u\u017cytkownik\u00f3w zaczyna od strony z&nbsp;informacjami o&nbsp;sobie, kt\u00f3ra zapozna ich przed odwiedzaj\u0105cymi witryn\u0119. Taka strona mo\u017ce zawiera\u0107 na przyk\u0142ad taki tekst:<\/p>\n<blockquote class=\"wp-block-quote is-layout-flow wp-block-quote-is-layout-flow\">\n<p>Cze\u015b\u0107! Za dnia jestem kurierem rowerowym, noc\u0105 pr\u00f3buj\u0119 swoich si\u0142 w&nbsp;aktorstwie, a&nbsp;to jest moja witryna. Mieszkam w&nbsp;Krakowie, mam wspania\u0142ego psa kt\u00f3ry wabi si\u0119 Reks i&nbsp;lubi\u0119 pi\u00f1a colad\u0119 (oraz spacery, gdy pada deszcz).<\/p>\n<\/blockquote>\n<p>&#8230;albo co\u015b takiego:<\/p>\n<blockquote class=\"wp-block-quote is-layout-flow wp-block-quote-is-layout-flow\">\n<p>Firma XYZ Doohickey zosta\u0142a za\u0142o\u017cona w&nbsp;1971 roku i&nbsp;od tamtej pory dostarcza spo\u0142ecze\u0144stwu dobrej jako\u015bci gad\u017cety. Znajduj\u0105ca si\u0119 w&nbsp;Gotham City XYZ zatrudnia ponad 2000 os\u00f3b i&nbsp;robi niesamowite rzeczy dla spo\u0142eczno\u015bci Gotham.<\/p>\n<\/blockquote>\n<p>Jako nowy u\u017cytkownik WordPressa, powiniene\u015b przej\u015b\u0107 do <a href=\"http:\/\/put-firmus.pl\/wp-admin\/\">swojego kokpitu<\/a> aby usun\u0105\u0107 t\u0119 stron\u0119 i&nbsp;stworzy\u0107 nowe z&nbsp;w\u0142asn\u0105 tre\u015bci\u0105. Dobrej zabawy!<\/p>\n","protected":false},"excerpt":{"rendered":"<p>To jest przyk\u0142adowa strona. Strony s\u0105 inne ni\u017c wpisy na blogu, poniewa\u017c nie tylko znajduj\u0105 si\u0119 zawsze w&nbsp;jednym miejscu, ale tak\u017ce pojawiaj\u0105 si\u0119 w&nbsp;menu witryny (w wi\u0119kszo\u015bci motyw\u00f3w). Wi\u0119kszo\u015b\u0107 u\u017cytkownik\u00f3w zaczyna od strony z&nbsp;informacjami o&nbsp;sobie, kt\u00f3ra zapozna ich przed odwiedzaj\u0105cymi witryn\u0119. Taka strona mo\u017ce zawiera\u0107 na przyk\u0142ad taki tekst: Cze\u015b\u0107! Za dnia jestem kurierem rowerowym,&#8230;<\/p>\n","protected":false},"author":1,"featured_media":0,"parent":0,"menu_order":15,"comment_status":"closed","ping_status":"closed","template":"page-templates\/strona-glowna.php","meta":{"_acf_changed":false,"inline_featured_image":false,"footnotes":""},"class_list":["post-199","page","type-page","status-publish","hentry"],"acf":[],"yoast_head":"<!-- This site is optimized with the Yoast SEO plugin v25.4 - https:\/\/yoast.com\/wordpress\/plugins\/seo\/ -->\n<title>Home - Firmus<\/title>\n<meta name=\"robots\" content=\"index, follow, max-snippet:-1, max-image-preview:large, max-video-preview:-1\" \/>\n<link rel=\"canonical\" href=\"https:\/\/put-firmus.pl\/pl\/\" \/>\n<meta property=\"og:locale\" content=\"pl_PL\" \/>\n<meta property=\"og:type\" content=\"article\" \/>\n<meta property=\"og:title\" content=\"Home - Firmus\" \/>\n<meta property=\"og:description\" content=\"To jest przyk\u0142adowa strona. Strony s\u0105 inne ni\u017c wpisy na blogu, poniewa\u017c nie tylko znajduj\u0105 si\u0119 zawsze w&nbsp;jednym miejscu, ale tak\u017ce pojawiaj\u0105 si\u0119 w&nbsp;menu witryny (w wi\u0119kszo\u015bci motyw\u00f3w). Wi\u0119kszo\u015b\u0107 u\u017cytkownik\u00f3w zaczyna od strony z&nbsp;informacjami o&nbsp;sobie, kt\u00f3ra zapozna ich przed odwiedzaj\u0105cymi witryn\u0119. Taka strona mo\u017ce zawiera\u0107 na przyk\u0142ad taki tekst: Cze\u015b\u0107! Za dnia jestem kurierem rowerowym,...\" \/>\n<meta property=\"og:url\" content=\"https:\/\/put-firmus.pl\/pl\/\" \/>\n<meta property=\"og:site_name\" content=\"Firmus\" \/>\n<meta property=\"article:modified_time\" content=\"2026-01-23T10:26:10+00:00\" \/>\n<meta name=\"twitter:card\" content=\"summary_large_image\" \/>\n<meta name=\"twitter:label1\" content=\"Szacowany czas czytania\" \/>\n\t<meta name=\"twitter:data1\" content=\"1 minuta\" \/>\n<script type=\"application\/ld+json\" class=\"yoast-schema-graph\">{\"@context\":\"https:\/\/schema.org\",\"@graph\":[{\"@type\":\"WebPage\",\"@id\":\"https:\/\/put-firmus.pl\/pl\/\",\"url\":\"https:\/\/put-firmus.pl\/pl\/\",\"name\":\"Home - Firmus\",\"isPartOf\":{\"@id\":\"https:\/\/put-firmus.pl\/#website\"},\"datePublished\":\"2021-08-23T12:17:29+00:00\",\"dateModified\":\"2026-01-23T10:26:10+00:00\",\"inLanguage\":\"pl-PL\",\"potentialAction\":[{\"@type\":\"ReadAction\",\"target\":[\"https:\/\/put-firmus.pl\/pl\/\"]}]},{\"@type\":\"WebSite\",\"@id\":\"https:\/\/put-firmus.pl\/#website\",\"url\":\"https:\/\/put-firmus.pl\/\",\"name\":\"Firmus\",\"description\":\"\",\"potentialAction\":[{\"@type\":\"SearchAction\",\"target\":{\"@type\":\"EntryPoint\",\"urlTemplate\":\"https:\/\/put-firmus.pl\/?s={search_term_string}\"},\"query-input\":{\"@type\":\"PropertyValueSpecification\",\"valueRequired\":true,\"valueName\":\"search_term_string\"}}],\"inLanguage\":\"pl-PL\"}]}<\/script>\n<!-- \/ Yoast SEO plugin. -->","yoast_head_json":{"title":"Home - Firmus","robots":{"index":"index","follow":"follow","max-snippet":"max-snippet:-1","max-image-preview":"max-image-preview:large","max-video-preview":"max-video-preview:-1"},"canonical":"https:\/\/put-firmus.pl\/pl\/","og_locale":"pl_PL","og_type":"article","og_title":"Home - Firmus","og_description":"To jest przyk\u0142adowa strona. Strony s\u0105 inne ni\u017c wpisy na blogu, poniewa\u017c nie tylko znajduj\u0105 si\u0119 zawsze w&nbsp;jednym miejscu, ale tak\u017ce pojawiaj\u0105 si\u0119 w&nbsp;menu witryny (w wi\u0119kszo\u015bci motyw\u00f3w). Wi\u0119kszo\u015b\u0107 u\u017cytkownik\u00f3w zaczyna od strony z&nbsp;informacjami o&nbsp;sobie, kt\u00f3ra zapozna ich przed odwiedzaj\u0105cymi witryn\u0119. Taka strona mo\u017ce zawiera\u0107 na przyk\u0142ad taki tekst: Cze\u015b\u0107! Za dnia jestem kurierem rowerowym,...","og_url":"https:\/\/put-firmus.pl\/pl\/","og_site_name":"Firmus","article_modified_time":"2026-01-23T10:26:10+00:00","twitter_card":"summary_large_image","twitter_misc":{"Szacowany czas czytania":"1 minuta"},"schema":{"@context":"https:\/\/schema.org","@graph":[{"@type":"WebPage","@id":"https:\/\/put-firmus.pl\/pl\/","url":"https:\/\/put-firmus.pl\/pl\/","name":"Home - Firmus","isPartOf":{"@id":"https:\/\/put-firmus.pl\/#website"},"datePublished":"2021-08-23T12:17:29+00:00","dateModified":"2026-01-23T10:26:10+00:00","inLanguage":"pl-PL","potentialAction":[{"@type":"ReadAction","target":["https:\/\/put-firmus.pl\/pl\/"]}]},{"@type":"WebSite","@id":"https:\/\/put-firmus.pl\/#website","url":"https:\/\/put-firmus.pl\/","name":"Firmus","description":"","potentialAction":[{"@type":"SearchAction","target":{"@type":"EntryPoint","urlTemplate":"https:\/\/put-firmus.pl\/?s={search_term_string}"},"query-input":{"@type":"PropertyValueSpecification","valueRequired":true,"valueName":"search_term_string"}}],"inLanguage":"pl-PL"}]}},"_links":{"self":[{"href":"https:\/\/put-firmus.pl\/pl\/wp-json\/wp\/v2\/pages\/199","targetHints":{"allow":["GET"]}}],"collection":[{"href":"https:\/\/put-firmus.pl\/pl\/wp-json\/wp\/v2\/pages"}],"about":[{"href":"https:\/\/put-firmus.pl\/pl\/wp-json\/wp\/v2\/types\/page"}],"author":[{"embeddable":true,"href":"https:\/\/put-firmus.pl\/pl\/wp-json\/wp\/v2\/users\/1"}],"replies":[{"embeddable":true,"href":"https:\/\/put-firmus.pl\/pl\/wp-json\/wp\/v2\/comments?post=199"}],"version-history":[{"count":40,"href":"https:\/\/put-firmus.pl\/pl\/wp-json\/wp\/v2\/pages\/199\/revisions"}],"predecessor-version":[{"id":1068,"href":"https:\/\/put-firmus.pl\/pl\/wp-json\/wp\/v2\/pages\/199\/revisions\/1068"}],"wp:attachment":[{"href":"https:\/\/put-firmus.pl\/pl\/wp-json\/wp\/v2\/media?parent=199"}],"curies":[{"name":"wp","href":"https:\/\/api.w.org\/{rel}","templated":true}]}}